{"id":463,"date":"2024-05-22T15:55:52","date_gmt":"2024-05-22T15:55:52","guid":{"rendered":"https:\/\/padeltunisia.com\/?page_id=463"},"modified":"2024-11-21T20:08:33","modified_gmt":"2024-11-21T20:08:33","slug":"a-propos","status":"publish","type":"page","link":"https:\/\/padeltunisia.com\/?page_id=463","title":{"rendered":"A propos"},"content":{"rendered":"\t\t<div data-elementor-type=\"wp-page\" data-elementor-id=\"463\" class=\"elementor elementor-463\">\n\t\t\t\t\t\t<section class=\"elementor-section elementor-top-section elementor-element elementor-element-3395e81c0 elementor-section-boxed elementor-section-height-default elementor-section-height-default wpr-particle-no wpr-jarallax-no wpr-parallax-no wpr-sticky-section-no\" data-id=\"3395e81c0\" data-element_type=\"section\" data-e-type=\"section\" data-settings=\"{&quot;background_background&quot;:&quot;classic&quot;}\">\n\t\t\t\t\t\t\t<div class=\"elementor-background-overlay\"><\/div>\n\t\t\t\t\t\t\t<div class=\"elementor-container elementor-column-gap-default\">\n\t\t\t\t\t<div class=\"elementor-column elementor-col-100 elementor-top-column elementor-element elementor-element-12574078\" data-id=\"12574078\" data-element_type=\"column\" data-e-type=\"column\">\n\t\t\t<div class=\"elementor-widget-wrap elementor-element-populated\">\n\t\t\t\t\t\t<div class=\"elementor-element elementor-element-796c495c elementor-widget elementor-widget-heading\" data-id=\"796c495c\" data-element_type=\"widget\" data-e-type=\"widget\" data-widget_type=\"heading.default\">\n\t\t\t\t<div class=\"elementor-widget-container\">\n\t\t\t\t\t<h2 class=\"elementor-heading-title elementor-size-default\">A propos <\/h2>\t\t\t\t<\/div>\n\t\t\t\t<\/div>\n\t\t\t\t\t<\/div>\n\t\t<\/div>\n\t\t\t\t\t<\/div>\n\t\t<\/section>\n\t\t\t\t<section class=\"elementor-section elementor-top-section elementor-element elementor-element-ac5f601 elementor-section-boxed elementor-section-height-default elementor-section-height-default wpr-particle-no wpr-jarallax-no wpr-parallax-no wpr-sticky-section-no\" data-id=\"ac5f601\" data-element_type=\"section\" data-e-type=\"section\">\n\t\t\t\t\t\t<div class=\"elementor-container elementor-column-gap-default\">\n\t\t\t\t\t<div class=\"elementor-column elementor-col-50 elementor-top-column elementor-element elementor-element-5650faea\" data-id=\"5650faea\" data-element_type=\"column\" data-e-type=\"column\">\n\t\t\t<div class=\"elementor-widget-wrap elementor-element-populated\">\n\t\t\t\t\t\t<div class=\"elementor-element elementor-element-3d453d8a elementor-invisible elementor-widget elementor-widget-heading\" data-id=\"3d453d8a\" data-element_type=\"widget\" data-e-type=\"widget\" data-settings=\"{&quot;_animation&quot;:&quot;fadeInDown&quot;}\" data-widget_type=\"heading.default\">\n\t\t\t\t<div class=\"elementor-widget-container\">\n\t\t\t\t\t<h2 class=\"elementor-heading-title elementor-size-default\">Notre vision<\/h2>\t\t\t\t<\/div>\n\t\t\t\t<\/div>\n\t\t\t\t<div class=\"elementor-element elementor-element-791f9a24 elementor-widget-divider--view-line elementor-widget elementor-widget-divider\" data-id=\"791f9a24\" data-element_type=\"widget\" data-e-type=\"widget\" data-widget_type=\"divider.default\">\n\t\t\t\t<div class=\"elementor-widget-container\">\n\t\t\t\t\t\t\t<div class=\"elementor-divider\">\n\t\t\t<span class=\"elementor-divider-separator\">\n\t\t\t\t\t\t<\/span>\n\t\t<\/div>\n\t\t\t\t\t\t<\/div>\n\t\t\t\t<\/div>\n\t\t\t\t<div class=\"elementor-element elementor-element-7e01e08 elementor-widget elementor-widget-spacer\" data-id=\"7e01e08\" data-element_type=\"widget\" data-e-type=\"widget\" data-widget_type=\"spacer.default\">\n\t\t\t\t<div class=\"elementor-widget-container\">\n\t\t\t\t\t\t\t<div class=\"elementor-spacer\">\n\t\t\t<div class=\"elementor-spacer-inner\"><\/div>\n\t\t<\/div>\n\t\t\t\t\t\t<\/div>\n\t\t\t\t<\/div>\n\t\t\t\t<div class=\"elementor-element elementor-element-4fd146d9 elementor-invisible elementor-widget elementor-widget-text-editor\" data-id=\"4fd146d9\" data-element_type=\"widget\" data-e-type=\"widget\" data-settings=\"{&quot;_animation&quot;:&quot;fadeInUp&quot;}\" data-widget_type=\"text-editor.default\">\n\t\t\t\t<div class=\"elementor-widget-container\">\n\t\t\t\t\t\t\t\t\t<p>Nous envisageons un avenir prometteur pour le Padel en Tunisie avec des infrastructures de qualit\u00e9, des comp\u00e9titions passionnantes et une communaut\u00e9 de joueurs dynamique et active . Notre mission est de contribuer \u00e0 cette vision en offrant une plateforme de diffusion et de partage des actualit\u00e9s et des histoires du padel tunisien tout en encourageant les tunisiens \u00e0 pratiquer ce sport passionnant.<\/p>\t\t\t\t\t\t\t\t<\/div>\n\t\t\t\t<\/div>\n\t\t\t\t\t<\/div>\n\t\t<\/div>\n\t\t\t\t<div class=\"elementor-column elementor-col-50 elementor-top-column elementor-element elementor-element-7a874f9a\" data-id=\"7a874f9a\" data-element_type=\"column\" data-e-type=\"column\">\n\t\t\t<div class=\"elementor-widget-wrap elementor-element-populated\">\n\t\t\t\t\t\t<div class=\"elementor-element elementor-element-77aa7420 elementor-invisible elementor-widget elementor-widget-image\" data-id=\"77aa7420\" data-element_type=\"widget\" data-e-type=\"widget\" data-settings=\"{&quot;_animation&quot;:&quot;fadeInRight&quot;}\" data-widget_type=\"image.default\">\n\t\t\t\t<div class=\"elementor-widget-container\">\n\t\t\t\t\t\t\t\t\t\t\t\t\t\t\t<img fetchpriority=\"high\" decoding=\"async\" width=\"1600\" height=\"900\" src=\"https:\/\/padeltunisia.com\/wp-content\/uploads\/2024\/10\/83007a52-c8ab-47ac-af07-44d9ef8994aa.jpeg\" class=\"attachment-full size-full wp-image-871\" alt=\"\" srcset=\"https:\/\/padeltunisia.com\/wp-content\/uploads\/2024\/10\/83007a52-c8ab-47ac-af07-44d9ef8994aa.jpeg 1600w, https:\/\/padeltunisia.com\/wp-content\/uploads\/2024\/10\/83007a52-c8ab-47ac-af07-44d9ef8994aa-300x169.jpeg 300w, https:\/\/padeltunisia.com\/wp-content\/uploads\/2024\/10\/83007a52-c8ab-47ac-af07-44d9ef8994aa-1024x576.jpeg 1024w, https:\/\/padeltunisia.com\/wp-content\/uploads\/2024\/10\/83007a52-c8ab-47ac-af07-44d9ef8994aa-768x432.jpeg 768w, https:\/\/padeltunisia.com\/wp-content\/uploads\/2024\/10\/83007a52-c8ab-47ac-af07-44d9ef8994aa-1536x864.jpeg 1536w, https:\/\/padeltunisia.com\/wp-content\/uploads\/2024\/10\/83007a52-c8ab-47ac-af07-44d9ef8994aa-128x72.jpeg 128w, https:\/\/padeltunisia.com\/wp-content\/uploads\/2024\/10\/83007a52-c8ab-47ac-af07-44d9ef8994aa-32x18.jpeg 32w, https:\/\/padeltunisia.com\/wp-content\/uploads\/2024\/10\/83007a52-c8ab-47ac-af07-44d9ef8994aa-600x338.jpeg 600w\" sizes=\"(max-width: 1600px) 100vw, 1600px\" \/>\t\t\t\t\t\t\t\t\t\t\t\t\t\t\t<\/div>\n\t\t\t\t<\/div>\n\t\t\t\t\t<\/div>\n\t\t<\/div>\n\t\t\t\t\t<\/div>\n\t\t<\/section>\n\t\t\t\t<section class=\"elementor-section elementor-top-section elementor-element elementor-element-210020f elementor-section-boxed elementor-section-height-default elementor-section-height-default wpr-particle-no wpr-jarallax-no wpr-parallax-no wpr-sticky-section-no elementor-invisible\" data-id=\"210020f\" data-element_type=\"section\" data-e-type=\"section\" data-settings=\"{&quot;animation&quot;:&quot;fadeInLeft&quot;}\">\n\t\t\t\t\t\t<div class=\"elementor-container elementor-column-gap-wide\">\n\t\t\t\t\t<div class=\"elementor-column elementor-col-50 elementor-top-column elementor-element elementor-element-73e2558\" data-id=\"73e2558\" data-element_type=\"column\" data-e-type=\"column\">\n\t\t\t<div class=\"elementor-widget-wrap elementor-element-populated\">\n\t\t\t\t\t\t<div class=\"elementor-element elementor-element-7eee6145 wpr-promo-box-style-cover elementor-widget elementor-widget-wpr-promo-box\" data-id=\"7eee6145\" data-element_type=\"widget\" data-e-type=\"widget\" data-widget_type=\"wpr-promo-box.default\">\n\t\t\t\t<div class=\"elementor-widget-container\">\n\t\t\t\t\t\n\t\t<div class=\"wpr-promo-box wpr-animation-wrap\">\n\n\t\t\t\t\t\t\t\n\t\t\t\t\t\t\t<div class=\"wpr-promo-box-image\">\n\t\t\t\t\t<div class=\"wpr-promo-box-bg-image wpr-bg-anim-move-right wpr-anim-timing-ease-default\" style=\"background-image:url(https:\/\/padeltunisia.com\/wp-content\/uploads\/2017\/01\/padel-6322458_1280.jpg);\"><\/div>\n\t\t\t\t\t<div class=\"wpr-promo-box-bg-overlay wpr-border-anim-none\"><\/div>\n\t\t\t\t<\/div>\n\t\t\t\t\t\t\n\t\t\t<div class=\"wpr-promo-box-content\">\n\n\t\t\t\t\t\t\t\t<div class=\"wpr-promo-box-icon\">\n\t\t\t\t\t\t\t\t\t<\/div>\n\t\t\t\t\n\t\t\t\t\n\t\t\t\t\n\t\t\t\t\t\t\t<\/div>\n\n\t\t\t\t\t<\/div>\n\n\t\t\t\t\t\t<\/div>\n\t\t\t\t<\/div>\n\t\t\t\t\t<\/div>\n\t\t<\/div>\n\t\t\t\t<div class=\"elementor-column elementor-col-50 elementor-top-column elementor-element elementor-element-a0d7454\" data-id=\"a0d7454\" data-element_type=\"column\" data-e-type=\"column\">\n\t\t\t<div class=\"elementor-widget-wrap elementor-element-populated\">\n\t\t\t\t\t\t<div class=\"elementor-element elementor-element-b304f47 elementor-widget elementor-widget-heading\" data-id=\"b304f47\" data-element_type=\"widget\" data-e-type=\"widget\" data-widget_type=\"heading.default\">\n\t\t\t\t<div class=\"elementor-widget-container\">\n\t\t\t\t\t<h2 class=\"elementor-heading-title elementor-size-default\">\nNos valeurs\n<\/h2>\t\t\t\t<\/div>\n\t\t\t\t<\/div>\n\t\t\t\t<div class=\"elementor-element elementor-element-f710c3c elementor-widget-divider--view-line elementor-widget elementor-widget-divider\" data-id=\"f710c3c\" data-element_type=\"widget\" data-e-type=\"widget\" data-widget_type=\"divider.default\">\n\t\t\t\t<div class=\"elementor-widget-container\">\n\t\t\t\t\t\t\t<div class=\"elementor-divider\">\n\t\t\t<span class=\"elementor-divider-separator\">\n\t\t\t\t\t\t<\/span>\n\t\t<\/div>\n\t\t\t\t\t\t<\/div>\n\t\t\t\t<\/div>\n\t\t\t\t<div class=\"elementor-element elementor-element-a5fa61c elementor-widget elementor-widget-text-editor\" data-id=\"a5fa61c\" data-element_type=\"widget\" data-e-type=\"widget\" data-widget_type=\"text-editor.default\">\n\t\t\t\t<div class=\"elementor-widget-container\">\n\t\t\t\t\t\t\t\t\t<p><b>Excellence : <\/b><span style=\"font-weight: 400;\">Nous r\u00e9alisons des articles de haute qualit\u00e9 afin de vous offrir <\/span><span style=\"font-weight: 400;\">une meilleure exp\u00e9rience informative et enrichissante.<\/span><\/p><p>\u00a0<\/p><p><b>Passion : <\/b><span style=\"font-weight: 400;\">Nous sommes des passionn\u00e9s du padel et nous nous <\/span><span style=\"font-weight: 400;\">d\u00e9vouons <\/span><span style=\"font-weight: 400;\">\u00e0 partager cette passion avec nos lecteurs en diffusant des articles et des informations inspirants.<\/span><\/p><p><br \/><b>Int\u00e9grit\u00e9 : <\/b><span style=\"font-weight: 400;\">Nous vous offrons <\/span><span style=\"font-weight: 400;\">des informations exactes et fiables en respectant les plus hauts standards d&rsquo;\u00e9thique et de transparence.<\/span><\/p>\t\t\t\t\t\t\t\t<\/div>\n\t\t\t\t<\/div>\n\t\t\t\t\t<\/div>\n\t\t<\/div>\n\t\t\t\t\t<\/div>\n\t\t<\/section>\n\t\t\t\t<section class=\"elementor-section elementor-top-section elementor-element elementor-element-fa95622 elementor-section-height-min-height elementor-section-boxed elementor-section-height-default elementor-section-items-middle wpr-particle-no wpr-jarallax-no wpr-parallax-no wpr-sticky-section-no\" data-id=\"fa95622\" data-element_type=\"section\" data-e-type=\"section\" data-settings=\"{&quot;background_background&quot;:&quot;classic&quot;}\">\n\t\t\t\t\t\t\t<div class=\"elementor-background-overlay\"><\/div>\n\t\t\t\t\t\t\t<div class=\"elementor-container elementor-column-gap-default\">\n\t\t\t\t\t<div class=\"elementor-column elementor-col-100 elementor-top-column elementor-element elementor-element-70e7efa8\" data-id=\"70e7efa8\" data-element_type=\"column\" data-e-type=\"column\">\n\t\t\t<div class=\"elementor-widget-wrap elementor-element-populated\">\n\t\t\t\t\t\t<div class=\"elementor-element elementor-element-560b6835 elementor-widget elementor-widget-heading\" data-id=\"560b6835\" data-element_type=\"widget\" data-e-type=\"widget\" data-widget_type=\"heading.default\">\n\t\t\t\t<div class=\"elementor-widget-container\">\n\t\t\t\t\t<h2 class=\"elementor-heading-title elementor-size-default\">Profitez de la meilleure exp\u00e9rience avec nous<\/h2>\t\t\t\t<\/div>\n\t\t\t\t<\/div>\n\t\t\t\t<div class=\"elementor-element elementor-element-1e6c3ecc elementor-widget-divider--view-line elementor-widget elementor-widget-divider\" data-id=\"1e6c3ecc\" data-element_type=\"widget\" data-e-type=\"widget\" data-widget_type=\"divider.default\">\n\t\t\t\t<div class=\"elementor-widget-container\">\n\t\t\t\t\t\t\t<div class=\"elementor-divider\">\n\t\t\t<span class=\"elementor-divider-separator\">\n\t\t\t\t\t\t<\/span>\n\t\t<\/div>\n\t\t\t\t\t\t<\/div>\n\t\t\t\t<\/div>\n\t\t\t\t\t<\/div>\n\t\t<\/div>\n\t\t\t\t\t<\/div>\n\t\t<\/section>\n\t\t\t\t<\/div>\n\t\t","protected":false},"excerpt":{"rendered":"<p>A propos Notre vision Nous envisageons un avenir prometteur pour le Padel en Tunisie avec des infrastructures de qualit\u00e9, des comp\u00e9titions passionnantes et une communaut\u00e9 de joueurs dynamique et active . Notre mission est de contribuer \u00e0 cette vision en offrant une plateforme de diffusion et de partage des actualit\u00e9s et des histoires du padel tunisien tout en encourageant les tunisiens \u00e0 pratiquer ce sport passionnant. Nos valeurs Excellence : Nous r\u00e9alisons des articles de haute qualit\u00e9 afin de vous offrir une meilleure exp\u00e9rience informative et enrichissante. \u00a0 Passion : Nous sommes des passionn\u00e9s du padel et nous nous d\u00e9vouons \u00e0 partager cette passion avec nos lecteurs en diffusant des articles et des informations inspirants. Int\u00e9grit\u00e9 : Nous vous offrons des informations exactes et fiables en respectant les plus hauts standards d&rsquo;\u00e9thique et de transparence. Profitez de la meilleure exp\u00e9rience avec nous<\/p>\n","protected":false},"author":1,"featured_media":0,"parent":0,"menu_order":0,"comment_status":"closed","ping_status":"closed","template":"elementor_header_footer","meta":{"_acf_changed":false,"footnotes":""},"class_list":["post-463","page","type-page","status-publish","hentry"],"aioseo_notices":[],"acf":[],"_links":{"self":[{"href":"https:\/\/padeltunisia.com\/index.php?rest_route=\/wp\/v2\/pages\/463","targetHints":{"allow":["GET"]}}],"collection":[{"href":"https:\/\/padeltunisia.com\/index.php?rest_route=\/wp\/v2\/pages"}],"about":[{"href":"https:\/\/padeltunisia.com\/index.php?rest_route=\/wp\/v2\/types\/page"}],"author":[{"embeddable":true,"href":"https:\/\/padeltunisia.com\/index.php?rest_route=\/wp\/v2\/users\/1"}],"replies":[{"embeddable":true,"href":"https:\/\/padeltunisia.com\/index.php?rest_route=%2Fwp%2Fv2%2Fcomments&post=463"}],"version-history":[{"count":11,"href":"https:\/\/padeltunisia.com\/index.php?rest_route=\/wp\/v2\/pages\/463\/revisions"}],"predecessor-version":[{"id":1403,"href":"https:\/\/padeltunisia.com\/index.php?rest_route=\/wp\/v2\/pages\/463\/revisions\/1403"}],"wp:attachment":[{"href":"https:\/\/padeltunisia.com\/index.php?rest_route=%2Fwp%2Fv2%2Fmedia&parent=463"}],"curies":[{"name":"wp","href":"https:\/\/api.w.org\/{rel}","templated":true}]}}